{"id":54,"date":"2022-06-25T14:12:17","date_gmt":"2022-06-25T14:12:17","guid":{"rendered":"http:\/\/dev.galbaia.com\/?page_id=54"},"modified":"2022-06-25T14:12:17","modified_gmt":"2022-06-25T14:12:17","slug":"o-nas","status":"publish","type":"page","link":"http:\/\/dev.galbaia.com\/sl\/o-nas\/","title":{"rendered":"O nas"},"content":{"rendered":"","protected":false},"excerpt":{"rendered":"<p> [&#8230;]<\/p>\n<p><a class=\"btn btn-secondary understrap-read-more-link\" href=\"http:\/\/dev.galbaia.com\/sl\/o-nas\/\">Preberi ve\u010d&#8230;<\/a><\/p>\n","protected":false},"author":1,"featured_media":0,"parent":0,"menu_order":0,"comment_status":"closed","ping_status":"closed","template":"","meta":{"footnotes":""},"class_list":["post-54","page","type-page","status-publish","hentry"],"acf":[],"yoast_head":"<!-- This site is optimized with the Yoast SEO plugin v19.9 - https:\/\/yoast.com\/wordpress\/plugins\/seo\/ -->\n<title>O nas - GalBaia<\/title>\n<meta name=\"robots\" content=\"noindex, follow, max-snippet:-1, max-image-preview:large, max-video-preview:-1\" \/>\n<meta property=\"og:locale\" content=\"sl_SI\" \/>\n<meta property=\"og:type\" content=\"article\" \/>\n<meta property=\"og:title\" content=\"O nas - GalBaia\" \/>\n<meta property=\"og:description\" content=\"[...]Preberi ve\u010d...\" \/>\n<meta property=\"og:url\" content=\"http:\/\/dev.galbaia.com\/sl\/o-nas\/\" \/>\n<meta property=\"og:site_name\" content=\"GalBaia\" \/>\n<meta name=\"twitter:card\" content=\"summary_large_image\" \/>\n<script type=\"application\/ld+json\" class=\"yoast-schema-graph\">{\"@context\":\"https:\/\/schema.org\",\"@graph\":[{\"@type\":\"WebPage\",\"@id\":\"http:\/\/dev.galbaia.com\/sl\/o-nas\/\",\"url\":\"http:\/\/dev.galbaia.com\/sl\/o-nas\/\",\"name\":\"O nas - GalBaia\",\"isPartOf\":{\"@id\":\"http:\/\/dev.galbaia.com\/#website\"},\"datePublished\":\"2022-06-25T14:12:17+00:00\",\"dateModified\":\"2022-06-25T14:12:17+00:00\",\"breadcrumb\":{\"@id\":\"http:\/\/dev.galbaia.com\/sl\/o-nas\/#breadcrumb\"},\"inLanguage\":\"sl-SI\",\"potentialAction\":[{\"@type\":\"ReadAction\",\"target\":[\"http:\/\/dev.galbaia.com\/sl\/o-nas\/\"]}]},{\"@type\":\"BreadcrumbList\",\"@id\":\"http:\/\/dev.galbaia.com\/sl\/o-nas\/#breadcrumb\",\"itemListElement\":[{\"@type\":\"ListItem\",\"position\":1,\"name\":\"Home\",\"item\":\"https:\/\/dev.galbaia.com\/sl\/\"},{\"@type\":\"ListItem\",\"position\":2,\"name\":\"O nas\"}]},{\"@type\":\"WebSite\",\"@id\":\"http:\/\/dev.galbaia.com\/#website\",\"url\":\"http:\/\/dev.galbaia.com\/\",\"name\":\"GalBaia\",\"description\":\"Za vas in za va\u0161o ko\u017eo - lepota iz narave za va\u0161o lepoto.\",\"potentialAction\":[{\"@type\":\"SearchAction\",\"target\":{\"@type\":\"EntryPoint\",\"urlTemplate\":\"http:\/\/dev.galbaia.com\/?s={search_term_string}\"},\"query-input\":\"required name=search_term_string\"}],\"inLanguage\":\"sl-SI\"}]}<\/script>\n<!-- \/ Yoast SEO plugin. -->","yoast_head_json":{"title":"O nas - GalBaia","robots":{"index":"noindex","follow":"follow","max-snippet":"max-snippet:-1","max-image-preview":"max-image-preview:large","max-video-preview":"max-video-preview:-1"},"og_locale":"sl_SI","og_type":"article","og_title":"O nas - GalBaia","og_description":"[...]Preberi ve\u010d...","og_url":"http:\/\/dev.galbaia.com\/sl\/o-nas\/","og_site_name":"GalBaia","twitter_card":"summary_large_image","schema":{"@context":"https:\/\/schema.org","@graph":[{"@type":"WebPage","@id":"http:\/\/dev.galbaia.com\/sl\/o-nas\/","url":"http:\/\/dev.galbaia.com\/sl\/o-nas\/","name":"O nas - GalBaia","isPartOf":{"@id":"http:\/\/dev.galbaia.com\/#website"},"datePublished":"2022-06-25T14:12:17+00:00","dateModified":"2022-06-25T14:12:17+00:00","breadcrumb":{"@id":"http:\/\/dev.galbaia.com\/sl\/o-nas\/#breadcrumb"},"inLanguage":"sl-SI","potentialAction":[{"@type":"ReadAction","target":["http:\/\/dev.galbaia.com\/sl\/o-nas\/"]}]},{"@type":"BreadcrumbList","@id":"http:\/\/dev.galbaia.com\/sl\/o-nas\/#breadcrumb","itemListElement":[{"@type":"ListItem","position":1,"name":"Home","item":"https:\/\/dev.galbaia.com\/sl\/"},{"@type":"ListItem","position":2,"name":"O nas"}]},{"@type":"WebSite","@id":"http:\/\/dev.galbaia.com\/#website","url":"http:\/\/dev.galbaia.com\/","name":"GalBaia","description":"Za vas in za va\u0161o ko\u017eo - lepota iz narave za va\u0161o lepoto.","potentialAction":[{"@type":"SearchAction","target":{"@type":"EntryPoint","urlTemplate":"http:\/\/dev.galbaia.com\/?s={search_term_string}"},"query-input":"required name=search_term_string"}],"inLanguage":"sl-SI"}]}},"_links":{"self":[{"href":"http:\/\/dev.galbaia.com\/sl\/wp-json\/wp\/v2\/pages\/54","targetHints":{"allow":["GET"]}}],"collection":[{"href":"http:\/\/dev.galbaia.com\/sl\/wp-json\/wp\/v2\/pages"}],"about":[{"href":"http:\/\/dev.galbaia.com\/sl\/wp-json\/wp\/v2\/types\/page"}],"author":[{"embeddable":true,"href":"http:\/\/dev.galbaia.com\/sl\/wp-json\/wp\/v2\/users\/1"}],"replies":[{"embeddable":true,"href":"http:\/\/dev.galbaia.com\/sl\/wp-json\/wp\/v2\/comments?post=54"}],"version-history":[{"count":1,"href":"http:\/\/dev.galbaia.com\/sl\/wp-json\/wp\/v2\/pages\/54\/revisions"}],"predecessor-version":[{"id":55,"href":"http:\/\/dev.galbaia.com\/sl\/wp-json\/wp\/v2\/pages\/54\/revisions\/55"}],"wp:attachment":[{"href":"http:\/\/dev.galbaia.com\/sl\/wp-json\/wp\/v2\/media?parent=54"}],"curies":[{"name":"wp","href":"https:\/\/api.w.org\/{rel}","templated":true}]}}